{"id":3065,"date":"2014-01-16T00:49:51","date_gmt":"2014-01-15T23:49:51","guid":{"rendered":"http:\/\/ulrichwalther.com\/?page_id=3065"},"modified":"2023-03-27T14:28:27","modified_gmt":"2023-03-27T13:28:27","slug":"impressum","status":"publish","type":"page","link":"http:\/\/ulrichwalther.com\/?page_id=3065","title":{"rendered":"Impressum"},"content":{"rendered":"<div class=\"content-layout layout-item-0\">\n<div class=\"content-layout-row\">\n<div class=\"layout-cell layout-item-1\" style=\"width: 100%;\">\n<p style=\"margin-top: 100px; line-height: 100%; margin-bottom: 0px;\"><a style=\"font-style: italic;\" href=\"http:\/\/ulrichwalther.com\/?page_id=3065\">IMPRESSUM<\/a><\/p>\n<\/div>\n<\/div>\n<\/div>\n<div class=\"content-layout layout-item-2\">\n<div class=\"content-layout-row\">\n<div class=\"layout-cell layout-item-3\" style=\"width: 100%;\">\n<p class=\"MsoNormal\" style=\"line-height: 100%; margin-top: 0px;\"><span lang=\"EN-US\" style=\"font-size: 10pt; font-family: Georgia, serif; color: #333333;\"><div class='scroll-pane'><p><\/span><\/p>\n<p><span style=\"color: #080708;\"><span style=\"color: #212121;\"><span style=\"color: #232423; font-size: 11px;\"><b>Inhaber und Betreiber sowie inhaltlich Verantwortlicher:<\/b><\/span><\/span><\/span><\/p>\n<p><span style=\"color: #232423; font-family: Arial; font-size: 11px;\">Ulrich Walther<\/span><\/p>\n<address><span style=\"color: #232423; font-size: 11px;\"><span style=\"font-family: Arial; font-style: normal;\">B\u00fcrgergasse 3<br \/>\n8010 Graz<br \/>\n\u00d6sterreich<br \/>\nTelefon: 0043-<\/span><\/span><span style=\"color: #232423; font-family: Arial; font-size: 11px; font-style: normal;\">699-10165228<\/span><\/address>\n<address><span style=\"color: #232423; font-size: 11px;\"><span style=\"color: #232423; font-size: 11px;\"><span style=\"font-family: Arial; font-style: normal;\">Email: info[at]ulrichwalther.com, ulrich.walther[at]kug.ac.at\u00a0<\/span><\/span><\/span>\u00a0<\/address>\n<p><span style=\"color: #232423; font-size: 11px;\"><b>Fotografie:<\/b><br \/>\n<span style=\"font-family: Arial;\">Thomas Kurek, Johannes Schaugg (<a class=\"thema\" href=\"http:\/\/schaugg.hdm-stuttgart.de\/\"><span style=\"color: #000000;\">http:\/\/schaugg.hdm-stuttgart.de<\/span><\/a>), Lukas Pollack, Deutscher Musikwettbewerb \/ Michael Haring, Aleksey Vylegzhanin, Susanne Eichelm\u00fcller<br \/>\n<\/span><br \/>\n<b>Haftungshinweis:<\/b><br \/>\n<\/span><\/p>\n<p style=\"text-align: justify;\"><!-- [if gte mso 9]><xml>\n<o:OfficeDocumentSettings>\n<o:AllowPNG\/>\n<\/o:OfficeDocumentSettings>\n<\/xml><![endif]--><\/p>\n<p style=\"text-align: justify;\"><!-- [if gte mso 9]><xml>\n<w:WordDocument>\n<w:View>Normal<\/w:View>\n<w:Zoom>0<\/w:Zoom>\n<w:TrackMoves\/>\n<w:TrackFormatting\/>\n<w:HyphenationZone>21<\/w:HyphenationZone>\n<w:PunctuationKerning\/>\n<w:ValidateAgainstSchemas\/>\n<w:SaveIfXMLInvalid>false<\/w:SaveIfXMLInvalid>\n<w:IgnoreMixedContent>false<\/w:IgnoreMixedContent>\n<w:AlwaysShowPlaceholderText>false<\/w:AlwaysShowPlaceholderText>\n<w:DoNotPromoteQF\/>\n<w:LidThemeOther>DE<\/w:LidThemeOther>\n<w:LidThemeAsian>X-NONE<\/w:LidThemeAsian>\n<w:LidThemeComplexScript>X-NONE<\/w:LidThemeComplexScript>\n<w:Compatibility>\n<w:BreakWrappedTables\/>\n<w:SnapToGridInCell\/>\n<w:WrapTextWithPunct\/>\n<w:UseAsianBreakRules\/>\n<w:DontGrowAutofit\/>\n<w:SplitPgBreakAndParaMark\/>\n<w:EnableOpenTypeKerning\/>\n<w:DontFlipMirrorIndents\/>\n<w:OverrideTableStyleHps\/>\n<\/w:Compatibility>\n<m:mathPr>\n<m:mathFont m:val=\"Cambria Math\"\/>\n<m:brkBin m:val=\"before\"\/>\n<m:brkBinSub m:val=\"&#45;-\"\/>\n<m:smallFrac m:val=\"off\"\/>\n<m:dispDef\/>\n<m:lMargin m:val=\"0\"\/>\n<m:rMargin m:val=\"0\"\/>\n<m:defJc m:val=\"centerGroup\"\/>\n<m:wrapIndent m:val=\"1440\"\/>\n<m:intLim m:val=\"subSup\"\/>\n<m:naryLim m:val=\"undOvr\"\/>\n<\/m:mathPr><\/w:WordDocument>\n<\/xml><![endif]--><!-- [if gte mso 9]><xml>\n<w:LatentStyles DefLockedState=\"false\" DefUnhideWhenUsed=\"true\" DefSemiHidden=\"true\" DefQFormat=\"false\" DefPriority=\"99\" LatentStyleCount=\"267\">\n<w:LsdException Locked=\"false\" Priority=\"0\" SemiHidden=\"false\" UnhideWhenUsed=\"false\" QFormat=\"true\" Name=\"Normal\"\/>\n<w:LsdException Locked=\"false\" Priority=\"9\" SemiHidden=\"false\" UnhideWhenUsed=\"false\" QFormat=\"true\" Name=\"heading 1\"\/>\n<w:LsdException Locked=\"false\" Priority=\"9\" QFormat=\"true\" Name=\"heading 2\"\/>\n<w:LsdException Locked=\"false\" Priority=\"9\" QFormat=\"true\" Name=\"heading 3\"\/>\n<w:LsdException Locked=\"false\" Priority=\"9\" QFormat=\"true\" Name=\"heading 4\"\/>\n<w:LsdException Locked=\"false\" Priority=\"9\" QFormat=\"true\" Name=\"heading 5\"\/>\n<w:LsdException Locked=\"false\" Priority=\"9\" QFormat=\"true\" Name=\"heading 6\"\/>\n<w:LsdException Locked=\"false\" Priority=\"9\" QFormat=\"true\" Name=\"heading 7\"\/>\n<w:LsdException Locked=\"false\" Priority=\"9\" QFormat=\"true\" Name=\"heading 8\"\/>\n<w:LsdException Locked=\"false\" Priority=\"9\" QFormat=\"true\" Name=\"heading 9\"\/>\n<w:LsdException Locked=\"false\" Priority=\"39\" Name=\"toc 1\"\/>\n<w:LsdException Locked=\"false\" Priority=\"39\" Name=\"toc 2\"\/>\n<w:LsdException Locked=\"false\" Priority=\"39\" Name=\"toc 3\"\/>\n<w:LsdException Locked=\"false\" Priority=\"39\" Name=\"toc 4\"\/>\n<w:LsdException Locked=\"false\" Priority=\"39\" Name=\"toc 5\"\/>\n<w:LsdException Locked=\"false\" Priority=\"39\" Name=\"toc 6\"\/>\n<w:LsdException Locked=\"false\" Priority=\"39\" Name=\"toc 7\"\/>\n<w:LsdException Locked=\"false\" Priority=\"39\" Name=\"toc 8\"\/>\n<w:LsdException Locked=\"false\" Priority=\"39\" Name=\"toc 9\"\/>\n<w:LsdException Locked=\"false\" Priority=\"35\" QFormat=\"true\" Name=\"caption\"\/>\n<w:LsdException Locked=\"false\" Priority=\"10\" SemiHidden=\"false\" UnhideWhenUsed=\"false\" QFormat=\"true\" Name=\"Title\"\/>\n<w:LsdException Locked=\"false\" Priority=\"1\" Name=\"Default Paragraph Font\"\/>\n<w:LsdException Locked=\"false\" Priority=\"11\" SemiHidden=\"false\" UnhideWhenUsed=\"false\" QFormat=\"true\" Name=\"Subtitle\"\/>\n<w:LsdException Locked=\"false\" Priority=\"22\" SemiHidden=\"false\" UnhideWhenUsed=\"false\" QFormat=\"true\" Name=\"Strong\"\/>\n<w:LsdException Locked=\"false\" Priority=\"20\" SemiHidden=\"false\" UnhideWhenUsed=\"false\" QFormat=\"true\" Name=\"Emphasis\"\/>\n<w:LsdException Locked=\"false\" Priority=\"59\" SemiHidden=\"false\" UnhideWhenUsed=\"false\" Name=\"Table Grid\"\/>\n<w:LsdException Locked=\"false\" UnhideWhenUsed=\"false\" Name=\"Placeholder Text\"\/>\n<w:LsdException Locked=\"false\" Priority=\"1\" SemiHidden=\"false\" UnhideWhenUsed=\"false\" QFormat=\"true\" Name=\"No Spacing\"\/>\n<w:LsdException Locked=\"false\" Priority=\"60\" SemiHidden=\"false\" UnhideWhenUsed=\"false\" Name=\"Light Shading\"\/>\n<w:LsdException Locked=\"false\" Priority=\"61\" SemiHidden=\"false\" UnhideWhenUsed=\"false\" Name=\"Light List\"\/>\n<w:LsdException Locked=\"false\" Priority=\"62\" SemiHidden=\"false\" UnhideWhenUsed=\"false\" Name=\"Light Grid\"\/>\n<w:LsdException Locked=\"false\" Priority=\"63\" SemiHidden=\"false\" UnhideWhenUsed=\"false\" Name=\"Medium Shading 1\"\/>\n<w:LsdException Locked=\"false\" Priority=\"64\" SemiHidden=\"false\" UnhideWhenUsed=\"false\" Name=\"Medium Shading 2\"\/>\n<w:LsdException Locked=\"false\" Priority=\"65\" SemiHidden=\"false\" UnhideWhenUsed=\"false\" Name=\"Medium List 1\"\/>\n<w:LsdException Locked=\"false\" Priority=\"66\" SemiHidden=\"false\" UnhideWhenUsed=\"false\" Name=\"Medium List 2\"\/>\n<w:LsdException Locked=\"false\" Priority=\"67\" SemiHidden=\"false\" UnhideWhenUsed=\"false\" Name=\"Medium Grid 1\"\/>\n<w:LsdException Locked=\"false\" Priority=\"68\" SemiHidden=\"false\" UnhideWhenUsed=\"false\" Name=\"Medium Grid 2\"\/>\n<w:LsdException Locked=\"false\" Priority=\"69\" SemiHidden=\"false\" UnhideWhenUsed=\"false\" Name=\"Medium Grid 3\"\/>\n<w:LsdException Locked=\"false\" Priority=\"70\" SemiHidden=\"false\" UnhideWhenUsed=\"false\" Name=\"Dark List\"\/>\n<w:LsdException Locked=\"false\" Priority=\"71\" SemiHidden=\"false\" UnhideWhenUsed=\"false\" Name=\"Colorful Shading\"\/>\n<w:LsdException Locked=\"false\" Priority=\"72\" SemiHidden=\"false\" UnhideWhenUsed=\"false\" Name=\"Colorful List\"\/>\n<w:LsdException Locked=\"false\" Priority=\"73\" SemiHidden=\"false\" UnhideWhenUsed=\"false\" Name=\"Colorful Grid\"\/>\n<w:LsdException Locked=\"false\" Priority=\"60\" SemiHidden=\"false\" UnhideWhenUsed=\"false\" Name=\"Light Shading Accent 1\"\/>\n<w:LsdException Locked=\"false\" Priority=\"61\" SemiHidden=\"false\" UnhideWhenUsed=\"false\" Name=\"Light List Accent 1\"\/>\n<w:LsdException Locked=\"false\" Priority=\"62\" SemiHidden=\"false\" UnhideWhenUsed=\"false\" Name=\"Light Grid Accent 1\"\/>\n<w:LsdException Locked=\"false\" Priority=\"63\" SemiHidden=\"false\" UnhideWhenUsed=\"false\" Name=\"Medium Shading 1 Accent 1\"\/>\n<w:LsdException Locked=\"false\" Priority=\"64\" SemiHidden=\"false\" UnhideWhenUsed=\"false\" Name=\"Medium Shading 2 Accent 1\"\/>\n<w:LsdException Locked=\"false\" Priority=\"65\" SemiHidden=\"false\" UnhideWhenUsed=\"false\" Name=\"Medium List 1 Accent 1\"\/>\n<w:LsdException Locked=\"false\" UnhideWhenUsed=\"false\" Name=\"Revision\"\/>\n<w:LsdException Locked=\"false\" Priority=\"34\" SemiHidden=\"false\" UnhideWhenUsed=\"false\" QFormat=\"true\" Name=\"List Paragraph\"\/>\n<w:LsdException Locked=\"false\" Priority=\"29\" SemiHidden=\"false\" UnhideWhenUsed=\"false\" QFormat=\"true\" Name=\"Quote\"\/>\n<w:LsdException Locked=\"false\" Priority=\"30\" SemiHidden=\"false\" UnhideWhenUsed=\"false\" QFormat=\"true\" Name=\"Intense Quote\"\/>\n<w:LsdException Locked=\"false\" Priority=\"66\" SemiHidden=\"false\" UnhideWhenUsed=\"false\" Name=\"Medium List 2 Accent 1\"\/>\n<w:LsdException Locked=\"false\" Priority=\"67\" SemiHidden=\"false\" UnhideWhenUsed=\"false\" Name=\"Medium Grid 1 Accent 1\"\/>\n<w:LsdException Locked=\"false\" Priority=\"68\" SemiHidden=\"false\" UnhideWhenUsed=\"false\" Name=\"Medium Grid 2 Accent 1\"\/>\n<w:LsdException Locked=\"false\" Priority=\"69\" SemiHidden=\"false\" UnhideWhenUsed=\"false\" Name=\"Medium Grid 3 Accent 1\"\/>\n<w:LsdException Locked=\"false\" Priority=\"70\" SemiHidden=\"false\" UnhideWhenUsed=\"false\" Name=\"Dark List Accent 1\"\/>\n<w:LsdException Locked=\"false\" Priority=\"71\" SemiHidden=\"false\" UnhideWhenUsed=\"false\" Name=\"Colorful Shading Accent 1\"\/>\n<w:LsdException Locked=\"false\" Priority=\"72\" SemiHidden=\"false\" UnhideWhenUsed=\"false\" Name=\"Colorful List Accent 1\"\/>\n<w:LsdException Locked=\"false\" Priority=\"73\" SemiHidden=\"false\" UnhideWhenUsed=\"false\" Name=\"Colorful Grid Accent 1\"\/>\n<w:LsdException Locked=\"false\" Priority=\"60\" SemiHidden=\"false\" UnhideWhenUsed=\"false\" Name=\"Light Shading Accent 2\"\/>\n<w:LsdException Locked=\"false\" Priority=\"61\" SemiHidden=\"false\" UnhideWhenUsed=\"false\" Name=\"Light List Accent 2\"\/>\n<w:LsdException Locked=\"false\" Priority=\"62\" SemiHidden=\"false\" UnhideWhenUsed=\"false\" Name=\"Light Grid Accent 2\"\/>\n<w:LsdException Locked=\"false\" Priority=\"63\" SemiHidden=\"false\" UnhideWhenUsed=\"false\" Name=\"Medium Shading 1 Accent 2\"\/>\n<w:LsdException Locked=\"false\" Priority=\"64\" SemiHidden=\"false\" UnhideWhenUsed=\"false\" Name=\"Medium Shading 2 Accent 2\"\/>\n<w:LsdException Locked=\"false\" Priority=\"65\" SemiHidden=\"false\" UnhideWhenUsed=\"false\" Name=\"Medium List 1 Accent 2\"\/>\n<w:LsdException Locked=\"false\" Priority=\"66\" SemiHidden=\"false\" UnhideWhenUsed=\"false\" Name=\"Medium List 2 Accent 2\"\/>\n<w:LsdException Locked=\"false\" Priority=\"67\" SemiHidden=\"false\" UnhideWhenUsed=\"false\" Name=\"Medium Grid 1 Accent 2\"\/>\n<w:LsdException Locked=\"false\" Priority=\"68\" SemiHidden=\"false\" UnhideWhenUsed=\"false\" Name=\"Medium Grid 2 Accent 2\"\/>\n<w:LsdException Locked=\"false\" Priority=\"69\" SemiHidden=\"false\" UnhideWhenUsed=\"false\" Name=\"Medium Grid 3 Accent 2\"\/>\n<w:LsdException Locked=\"false\" Priority=\"70\" SemiHidden=\"false\" UnhideWhenUsed=\"false\" Name=\"Dark List Accent 2\"\/>\n<w:LsdException Locked=\"false\" Priority=\"71\" SemiHidden=\"false\" UnhideWhenUsed=\"false\" Name=\"Colorful Shading Accent 2\"\/>\n<w:LsdException Locked=\"false\" Priority=\"72\" SemiHidden=\"false\" UnhideWhenUsed=\"false\" Name=\"Colorful List Accent 2\"\/>\n<w:LsdException Locked=\"false\" Priority=\"73\" SemiHidden=\"false\" UnhideWhenUsed=\"false\" Name=\"Colorful Grid Accent 2\"\/>\n<w:LsdException Locked=\"false\" Priority=\"60\" SemiHidden=\"false\" UnhideWhenUsed=\"false\" Name=\"Light Shading Accent 3\"\/>\n<w:LsdException Locked=\"false\" Priority=\"61\" SemiHidden=\"false\" UnhideWhenUsed=\"false\" Name=\"Light List Accent 3\"\/>\n<w:LsdException Locked=\"false\" Priority=\"62\" SemiHidden=\"false\" UnhideWhenUsed=\"false\" Name=\"Light Grid Accent 3\"\/>\n<w:LsdException Locked=\"false\" Priority=\"63\" SemiHidden=\"false\" UnhideWhenUsed=\"false\" Name=\"Medium Shading 1 Accent 3\"\/>\n<w:LsdException Locked=\"false\" Priority=\"64\" SemiHidden=\"false\" UnhideWhenUsed=\"false\" Name=\"Medium Shading 2 Accent 3\"\/>\n<w:LsdException Locked=\"false\" Priority=\"65\" SemiHidden=\"false\" UnhideWhenUsed=\"false\" Name=\"Medium List 1 Accent 3\"\/>\n<w:LsdException Locked=\"false\" Priority=\"66\" SemiHidden=\"false\" UnhideWhenUsed=\"false\" Name=\"Medium List 2 Accent 3\"\/>\n<w:LsdException Locked=\"false\" Priority=\"67\" SemiHidden=\"false\" UnhideWhenUsed=\"false\" Name=\"Medium Grid 1 Accent 3\"\/>\n<w:LsdException Locked=\"false\" Priority=\"68\" SemiHidden=\"false\" UnhideWhenUsed=\"false\" Name=\"Medium Grid 2 Accent 3\"\/>\n<w:LsdException Locked=\"false\" Priority=\"69\" SemiHidden=\"false\" UnhideWhenUsed=\"false\" Name=\"Medium Grid 3 Accent 3\"\/>\n<w:LsdException Locked=\"false\" Priority=\"70\" SemiHidden=\"false\" UnhideWhenUsed=\"false\" Name=\"Dark List Accent 3\"\/>\n<w:LsdException Locked=\"false\" Priority=\"71\" SemiHidden=\"false\" UnhideWhenUsed=\"false\" Name=\"Colorful Shading Accent 3\"\/>\n<w:LsdException Locked=\"false\" Priority=\"72\" SemiHidden=\"false\" UnhideWhenUsed=\"false\" Name=\"Colorful List Accent 3\"\/>\n<w:LsdException Locked=\"false\" Priority=\"73\" SemiHidden=\"false\" UnhideWhenUsed=\"false\" Name=\"Colorful Grid Accent 3\"\/>\n<w:LsdException Locked=\"false\" Priority=\"60\" SemiHidden=\"false\" UnhideWhenUsed=\"false\" Name=\"Light Shading Accent 4\"\/>\n<w:LsdException Locked=\"false\" Priority=\"61\" SemiHidden=\"false\" UnhideWhenUsed=\"false\" Name=\"Light List Accent 4\"\/>\n<w:LsdException Locked=\"false\" Priority=\"62\" SemiHidden=\"false\" UnhideWhenUsed=\"false\" Name=\"Light Grid Accent 4\"\/>\n<w:LsdException Locked=\"false\" Priority=\"63\" SemiHidden=\"false\" UnhideWhenUsed=\"false\" Name=\"Medium Shading 1 Accent 4\"\/>\n<w:LsdException Locked=\"false\" Priority=\"64\" SemiHidden=\"false\" UnhideWhenUsed=\"false\" Name=\"Medium Shading 2 Accent 4\"\/>\n<w:LsdException Locked=\"false\" Priority=\"65\" SemiHidden=\"false\" UnhideWhenUsed=\"false\" Name=\"Medium List 1 Accent 4\"\/>\n<w:LsdException Locked=\"false\" Priority=\"66\" SemiHidden=\"false\" UnhideWhenUsed=\"false\" Name=\"Medium List 2 Accent 4\"\/>\n<w:LsdException Locked=\"false\" Priority=\"67\" SemiHidden=\"false\" UnhideWhenUsed=\"false\" Name=\"Medium Grid 1 Accent 4\"\/>\n<w:LsdException Locked=\"false\" Priority=\"68\" SemiHidden=\"false\" UnhideWhenUsed=\"false\" Name=\"Medium Grid 2 Accent 4\"\/>\n<w:LsdException Locked=\"false\" Priority=\"69\" SemiHidden=\"false\" UnhideWhenUsed=\"false\" Name=\"Medium Grid 3 Accent 4\"\/>\n<w:LsdException Locked=\"false\" Priority=\"70\" SemiHidden=\"false\" UnhideWhenUsed=\"false\" Name=\"Dark List Accent 4\"\/>\n<w:LsdException Locked=\"false\" Priority=\"71\" SemiHidden=\"false\" UnhideWhenUsed=\"false\" Name=\"Colorful Shading Accent 4\"\/>\n<w:LsdException Locked=\"false\" Priority=\"72\" SemiHidden=\"false\" UnhideWhenUsed=\"false\" Name=\"Colorful List Accent 4\"\/>\n<w:LsdException Locked=\"false\" Priority=\"73\" SemiHidden=\"false\" UnhideWhenUsed=\"false\" Name=\"Colorful Grid Accent 4\"\/>\n<w:LsdException Locked=\"false\" Priority=\"60\" SemiHidden=\"false\" UnhideWhenUsed=\"false\" Name=\"Light Shading Accent 5\"\/>\n<w:LsdException Locked=\"false\" Priority=\"61\" SemiHidden=\"false\" UnhideWhenUsed=\"false\" Name=\"Light List Accent 5\"\/>\n<w:LsdException Locked=\"false\" Priority=\"62\" SemiHidden=\"false\" UnhideWhenUsed=\"false\" Name=\"Light Grid Accent 5\"\/>\n<w:LsdException Locked=\"false\" Priority=\"63\" SemiHidden=\"false\" UnhideWhenUsed=\"false\" Name=\"Medium Shading 1 Accent 5\"\/>\n<w:LsdException Locked=\"false\" Priority=\"64\" SemiHidden=\"false\" UnhideWhenUsed=\"false\" Name=\"Medium Shading 2 Accent 5\"\/>\n<w:LsdException Locked=\"false\" Priority=\"65\" SemiHidden=\"false\" UnhideWhenUsed=\"false\" Name=\"Medium List 1 Accent 5\"\/>\n<w:LsdException Locked=\"false\" Priority=\"66\" SemiHidden=\"false\" UnhideWhenUsed=\"false\" Name=\"Medium List 2 Accent 5\"\/>\n<w:LsdException Locked=\"false\" Priority=\"67\" SemiHidden=\"false\" UnhideWhenUsed=\"false\" Name=\"Medium Grid 1 Accent 5\"\/>\n<w:LsdException Locked=\"false\" Priority=\"68\" SemiHidden=\"false\" UnhideWhenUsed=\"false\" Name=\"Medium Grid 2 Accent 5\"\/>\n<w:LsdException Locked=\"false\" Priority=\"69\" SemiHidden=\"false\" UnhideWhenUsed=\"false\" Name=\"Medium Grid 3 Accent 5\"\/>\n<w:LsdException Locked=\"false\" Priority=\"70\" SemiHidden=\"false\" UnhideWhenUsed=\"false\" Name=\"Dark List Accent 5\"\/>\n<w:LsdException Locked=\"false\" Priority=\"71\" SemiHidden=\"false\" UnhideWhenUsed=\"false\" Name=\"Colorful Shading Accent 5\"\/>\n<w:LsdException Locked=\"false\" Priority=\"72\" SemiHidden=\"false\" UnhideWhenUsed=\"false\" Name=\"Colorful List Accent 5\"\/>\n<w:LsdException Locked=\"false\" Priority=\"73\" SemiHidden=\"false\" UnhideWhenUsed=\"false\" Name=\"Colorful Grid Accent 5\"\/>\n<w:LsdException Locked=\"false\" Priority=\"60\" SemiHidden=\"false\" UnhideWhenUsed=\"false\" Name=\"Light Shading Accent 6\"\/>\n<w:LsdException Locked=\"false\" Priority=\"61\" SemiHidden=\"false\" UnhideWhenUsed=\"false\" Name=\"Light List Accent 6\"\/>\n<w:LsdException Locked=\"false\" Priority=\"62\" SemiHidden=\"false\" UnhideWhenUsed=\"false\" Name=\"Light Grid Accent 6\"\/>\n<w:LsdException Locked=\"false\" Priority=\"63\" SemiHidden=\"false\" UnhideWhenUsed=\"false\" Name=\"Medium Shading 1 Accent 6\"\/>\n<w:LsdException Locked=\"false\" Priority=\"64\" SemiHidden=\"false\" UnhideWhenUsed=\"false\" Name=\"Medium Shading 2 Accent 6\"\/>\n<w:LsdException Locked=\"false\" Priority=\"65\" SemiHidden=\"false\" UnhideWhenUsed=\"false\" Name=\"Medium List 1 Accent 6\"\/>\n<w:LsdException Locked=\"false\" Priority=\"66\" SemiHidden=\"false\" UnhideWhenUsed=\"false\" Name=\"Medium List 2 Accent 6\"\/>\n<w:LsdException Locked=\"false\" Priority=\"67\" SemiHidden=\"false\" UnhideWhenUsed=\"false\" Name=\"Medium Grid 1 Accent 6\"\/>\n<w:LsdException Locked=\"false\" Priority=\"68\" SemiHidden=\"false\" UnhideWhenUsed=\"false\" Name=\"Medium Grid 2 Accent 6\"\/>\n<w:LsdException Locked=\"false\" Priority=\"69\" SemiHidden=\"false\" UnhideWhenUsed=\"false\" Name=\"Medium Grid 3 Accent 6\"\/>\n<w:LsdException Locked=\"false\" Priority=\"70\" SemiHidden=\"false\" UnhideWhenUsed=\"false\" Name=\"Dark List Accent 6\"\/>\n<w:LsdException Locked=\"false\" Priority=\"71\" SemiHidden=\"false\" UnhideWhenUsed=\"false\" Name=\"Colorful Shading Accent 6\"\/>\n<w:LsdException Locked=\"false\" Priority=\"72\" SemiHidden=\"false\" UnhideWhenUsed=\"false\" Name=\"Colorful List Accent 6\"\/>\n<w:LsdException Locked=\"false\" Priority=\"73\" SemiHidden=\"false\" UnhideWhenUsed=\"false\" Name=\"Colorful Grid Accent 6\"\/>\n<w:LsdException Locked=\"false\" Priority=\"19\" SemiHidden=\"false\" UnhideWhenUsed=\"false\" QFormat=\"true\" Name=\"Subtle Emphasis\"\/>\n<w:LsdException Locked=\"false\" Priority=\"21\" SemiHidden=\"false\" UnhideWhenUsed=\"false\" QFormat=\"true\" Name=\"Intense Emphasis\"\/>\n<w:LsdException Locked=\"false\" Priority=\"31\" SemiHidden=\"false\" UnhideWhenUsed=\"false\" QFormat=\"true\" Name=\"Subtle Reference\"\/>\n<w:LsdException Locked=\"false\" Priority=\"32\" SemiHidden=\"false\" UnhideWhenUsed=\"false\" QFormat=\"true\" Name=\"Intense Reference\"\/>\n<w:LsdException Locked=\"false\" Priority=\"33\" SemiHidden=\"false\" UnhideWhenUsed=\"false\" QFormat=\"true\" Name=\"Book Title\"\/>\n<w:LsdException Locked=\"false\" Priority=\"37\" Name=\"Bibliography\"\/>\n<w:LsdException Locked=\"false\" Priority=\"39\" QFormat=\"true\" Name=\"TOC Heading\"\/>\n<\/w:LatentStyles>\n<\/xml><![endif]--><!-- [if gte mso 10]>\n\n\n\n\n\n<style>\n \/* Style Definitions *\/\ntable.MsoNormalTable\n{mso-style-name:\"Normale Tabelle\";\nmso-tstyle-rowband-size:0;\nmso-tstyle-colband-size:0;\nmso-style-noshow:yes;\nmso-style-priority:99;\nmso-style-parent:\"\";\nmso-padding-alt:0cm 5.4pt 0cm 5.4pt;\nmso-para-margin-top:0cm;\nmso-para-margin-right:0cm;\nmso-para-margin-bottom:10.0pt;\nmso-para-margin-left:0cm;\nline-height:115%;\nmso-pagination:widow-orphan;\nfont-size:11.0pt;\nfont-family:\"Calibri\",\"sans-serif\";\nmso-ascii-font-family:Calibri;\nmso-ascii-theme-font:minor-latin;\nmso-hansi-font-family:Calibri;\nmso-hansi-theme-font:minor-latin;\nmso-fareast-language:EN-US;}\n<\/style>\n\n\n\n\n\n<![endif]--><\/p>\n<p style=\"margin-bottom: 0.0001pt; text-align: justify;\"><span style=\"font-size: 11px; font-family: arial,helvetica,sans-serif;\">Die durch die Seitenbetreiber erstellten Inhalte und Werke auf diesen Seiten unterliegen dem deutschen Urheberrecht. Der Inhalt dieser Website darf nicht zu kommerziellen Zwecken kopiert, verbreitet, ver\u00e4ndert oder Dritten zug\u00e4nglich gemacht werden, ohne dass eine schriftliche Erlaubnis vorliegt. F\u00fcr die Inhalte der verlinkten Seiten inkl. deren Unterseiten ist stets der jeweilige Anbieter oder Betreiber der Seiten verantwortlich. <\/span><\/p>\n<p class=\"MsoNormal\" style=\"line-height: 14.25pt;\"><span style=\"font-family: Arial;\"><span style=\"font-size: 10pt; font-family: Georgia, serif; color: #333333;\"><\/p>\n<\/div><style>.scroll-pane{width: 100%;height:420px;overflow: auto;}<\/style><\/span><\/span><\/p>\n<\/div>\n<\/div>\n<\/div>\n","protected":false},"excerpt":{"rendered":"<p>IMPRESSUM<\/p>\n","protected":false},"author":1,"featured_media":0,"parent":3048,"menu_order":18,"comment_status":"closed","ping_status":"closed","template":"","meta":[],"_links":{"self":[{"href":"http:\/\/ulrichwalther.com\/index.php?rest_route=\/wp\/v2\/pages\/3065"}],"collection":[{"href":"http:\/\/ulrichwalther.com\/index.php?rest_route=\/wp\/v2\/pages"}],"about":[{"href":"http:\/\/ulrichwalther.com\/index.php?rest_route=\/wp\/v2\/types\/page"}],"author":[{"embeddable":true,"href":"http:\/\/ulrichwalther.com\/index.php?rest_route=\/wp\/v2\/users\/1"}],"replies":[{"embeddable":true,"href":"http:\/\/ulrichwalther.com\/index.php?rest_route=%2Fwp%2Fv2%2Fcomments&post=3065"}],"version-history":[{"count":9,"href":"http:\/\/ulrichwalther.com\/index.php?rest_route=\/wp\/v2\/pages\/3065\/revisions"}],"predecessor-version":[{"id":3774,"href":"http:\/\/ulrichwalther.com\/index.php?rest_route=\/wp\/v2\/pages\/3065\/revisions\/3774"}],"up":[{"embeddable":true,"href":"http:\/\/ulrichwalther.com\/index.php?rest_route=\/wp\/v2\/pages\/3048"}],"wp:attachment":[{"href":"http:\/\/ulrichwalther.com\/index.php?rest_route=%2Fwp%2Fv2%2Fmedia&parent=3065"}],"curies":[{"name":"wp","href":"https:\/\/api.w.org\/{rel}","templated":true}]}}